{"id":66,"date":"2025-07-16T12:29:50","date_gmt":"2025-07-16T10:29:50","guid":{"rendered":"https:\/\/omcd2.local\/?page_id=66"},"modified":"2025-11-23T23:20:59","modified_gmt":"2025-11-23T22:20:59","slug":"home","status":"publish","type":"page","link":"https:\/\/omcd.goodone.digital\/pl\/","title":{"rendered":"Home"},"content":{"rendered":"<section class=\"home-hero alignfull\" data-project-id=\"54\">\n\n      <div class=\"home-hero__image\">\n      <div class=\"home-hero__image-wrapper js-zoom-image\">\n        <div class=\"slider slider--hero swiper\">\n          <div class=\"swiper-wrapper\">\n                          <div class=\"slider__item swiper-slide\">\n                <div class=\"slider__item-image\">\n                  <img loading=\"lazy\" decoding=\"async\" width=\"1920\" height=\"1280\" src=\"data:image\/png;base64,iVBORw0KGgoAAAANSUhEUgAAAAEAAAABCAQAAAC1HAwCAAAAC0lEQVR42mP8Xw8AAoMBgDTD2qgAAAAASUVORK5CYII=\" class=\"attachment-large size-large landscape\" alt=\"\" srcset=\"https:\/\/omcd.goodone.digital\/wp-content\/uploads\/2025\/07\/7e3f578037b717fd8ea2cf4f040c1d4a2bdf4f56-1920x1280.jpg 1920w, https:\/\/omcd.goodone.digital\/wp-content\/uploads\/2025\/07\/7e3f578037b717fd8ea2cf4f040c1d4a2bdf4f56-1024x682.jpg 1024w, https:\/\/omcd.goodone.digital\/wp-content\/uploads\/2025\/07\/7e3f578037b717fd8ea2cf4f040c1d4a2bdf4f56-768x512.jpg 768w, https:\/\/omcd.goodone.digital\/wp-content\/uploads\/2025\/07\/7e3f578037b717fd8ea2cf4f040c1d4a2bdf4f56-1536x1024.jpg 1536w, https:\/\/omcd.goodone.digital\/wp-content\/uploads\/2025\/07\/7e3f578037b717fd8ea2cf4f040c1d4a2bdf4f56.jpg 2000w\" sizes=\"(max-width: 1920px) 100vw, 1920px\" data-srcset=\"https:\/\/omcd.goodone.digital\/wp-content\/uploads\/2025\/07\/7e3f578037b717fd8ea2cf4f040c1d4a2bdf4f56-1920x1280.jpg 1920w, https:\/\/omcd.goodone.digital\/wp-content\/uploads\/2025\/07\/7e3f578037b717fd8ea2cf4f040c1d4a2bdf4f56-1024x682.jpg 1024w, https:\/\/omcd.goodone.digital\/wp-content\/uploads\/2025\/07\/7e3f578037b717fd8ea2cf4f040c1d4a2bdf4f56-768x512.jpg 768w, https:\/\/omcd.goodone.digital\/wp-content\/uploads\/2025\/07\/7e3f578037b717fd8ea2cf4f040c1d4a2bdf4f56-1536x1024.jpg 1536w, https:\/\/omcd.goodone.digital\/wp-content\/uploads\/2025\/07\/7e3f578037b717fd8ea2cf4f040c1d4a2bdf4f56.jpg 2000w\" data-src=\"https:\/\/omcd.goodone.digital\/wp-content\/uploads\/2025\/07\/7e3f578037b717fd8ea2cf4f040c1d4a2bdf4f56-1920x1280.jpg\" \/>                <\/div>\n              <\/div>\n                      <\/div>\n        <\/div>\n      <\/div>\n    <\/div>\n  \n  <div class=\"home-hero__content\">\n    <div class=\"home-hero__text\">\n      \n\n<p>Engineering visions into <em>reality<\/em>:<\/p>\n\n\n\n<p>Focusing on the firm&#8217;s technical expertise<\/p>\n\n\n\n<p class=\"has-text-align-right\">in turning conceptual designs into<\/p>\n\n\n\n<p class=\"has-text-align-right\"><em>tangible, functional structures<\/em><\/p>\n\n    <\/div>\n\n\n          <a href=\"https:\/\/omcd.goodone.digital\/pl\/project\/sauna-house\/\"\n        class=\"button button--outline has-arrow has-min-width\">Zobacz projekt<\/a>\n      <\/div>\n<\/section>\n\n\n<div class=\"wp-block-media-text has-media-on-the-right is-stacked-on-mobile is-image-fill-element is-style-about\"><div class=\"wp-block-media-text__content\">\n<p class=\"has-small-font-size\"><em>(OMCD Architects)<\/em><\/p>\n\n\n\n<h2 class=\"wp-block-heading has-regular-font-size\">Zaprojektuj Swoj\u0105 <em>Przysz\u0142o\u015b\u0107<\/em><\/h2>\n\n\n\n<div style=\"height:100px\" aria-hidden=\"true\" class=\"wp-block-spacer\"><\/div>\n\n\n\n<p>Od 2009 roku OMCD Architects specjalizuje si\u0119 w tworzeniu wyj\u0105tkowych projekt\u00f3w architektonicznych i wn\u0119trzarskich. Nasz zesp\u00f3\u0142 konsekwentnie stawia na innowacje i rozw\u00f3j umiej\u0119tno\u015bci, aby dostarcza\u0107 realizacje na najwy\u017cszym poziomie. Jeste\u015bmy tutaj, by urzeczywistni\u0107 Twoj\u0105 wizj\u0119 i zadba\u0107, aby ka\u017cdy projekt odzwierciedla\u0142 nasze zaanga\u017cowanie w doskona\u0142o\u015b\u0107.<br>Witamy w przestrzeniach pe\u0142nych inspiracji.<\/p>\n\n\n\n<div class=\"wp-block-buttons is-layout-flex wp-block-buttons-is-layout-flex\">\n<div class=\"wp-block-button is-style-outline is-style-outline--1\"><a class=\"wp-block-button__link wp-element-button\" href=\"https:\/\/omcd.goodone.digital\/about-us\/\">czytaj wi\u0119cej<\/a><\/div>\n<\/div>\n<\/div><figure class=\"wp-block-media-text__media\"><img loading=\"lazy\" decoding=\"async\" width=\"1498\" height=\"1880\" src=\"https:\/\/omcd.goodone.digital\/wp-content\/uploads\/2025\/09\/about-1.jpg\" alt=\"\" class=\"wp-image-149 size-full\" style=\"object-position:50% 50%\" srcset=\"https:\/\/omcd.goodone.digital\/wp-content\/uploads\/2025\/09\/about-1.jpg 1498w, https:\/\/omcd.goodone.digital\/wp-content\/uploads\/2025\/09\/about-1-1020x1280.jpg 1020w, https:\/\/omcd.goodone.digital\/wp-content\/uploads\/2025\/09\/about-1-768x964.jpg 768w, https:\/\/omcd.goodone.digital\/wp-content\/uploads\/2025\/09\/about-1-1224x1536.jpg 1224w\" sizes=\"(max-width: 1498px) 100vw, 1498px\" \/><\/figure><\/div>\n\n\n\n<p class=\"has-text-align-center has-small-font-size\"><em>(Selected works 2017-2024)<\/em><\/p>\n\n\n\n<h2 class=\"wp-block-heading has-text-align-center\"><em>Wybrane<\/em> projekty<\/h2>\n\n\n\n<section class=\"portfolio portfolio--full\">\n\n  <div class=\"portfolio__grid\">\n        <a href=\"https:\/\/omcd.goodone.digital\/pl\/project\/sauna-house\/\" class=\"portfolio__item\">\n\n      <div class=\"portfolio__item-text\">\n        <div class=\"portfolio__header\">\n          <h2 class=\"p-title\">Sauna house<\/h2>\n        <\/div>\n        <span class=\"button button--outline has-bg-light has-min-width\">Zobacz projekt<\/span>\n      <\/div>\n\n\n      <img decoding=\"async\" src=\"data:image\/png;base64,iVBORw0KGgoAAAANSUhEUgAAAAEAAAABCAQAAAC1HAwCAAAAC0lEQVR42mP8Xw8AAoMBgDTD2qgAAAAASUVORK5CYII=\" class=\"attachment-large size-large landscape wp-post-image\" alt=\"\" srcset=\"https:\/\/omcd.goodone.digital\/wp-content\/uploads\/2025\/07\/06db5d559155282a0f6d283992fa8c7c0817b79e-1920x1280.jpg 1920w, https:\/\/omcd.goodone.digital\/wp-content\/uploads\/2025\/07\/06db5d559155282a0f6d283992fa8c7c0817b79e-1024x682.jpg 1024w, https:\/\/omcd.goodone.digital\/wp-content\/uploads\/2025\/07\/06db5d559155282a0f6d283992fa8c7c0817b79e-768x512.jpg 768w, https:\/\/omcd.goodone.digital\/wp-content\/uploads\/2025\/07\/06db5d559155282a0f6d283992fa8c7c0817b79e-1536x1024.jpg 1536w, https:\/\/omcd.goodone.digital\/wp-content\/uploads\/2025\/07\/06db5d559155282a0f6d283992fa8c7c0817b79e.jpg 2000w\" sizes=\"(max-width: 1920px) 100vw, 1920px\" data-srcset=\"https:\/\/omcd.goodone.digital\/wp-content\/uploads\/2025\/07\/06db5d559155282a0f6d283992fa8c7c0817b79e-1920x1280.jpg 1920w, https:\/\/omcd.goodone.digital\/wp-content\/uploads\/2025\/07\/06db5d559155282a0f6d283992fa8c7c0817b79e-1024x682.jpg 1024w, https:\/\/omcd.goodone.digital\/wp-content\/uploads\/2025\/07\/06db5d559155282a0f6d283992fa8c7c0817b79e-768x512.jpg 768w, https:\/\/omcd.goodone.digital\/wp-content\/uploads\/2025\/07\/06db5d559155282a0f6d283992fa8c7c0817b79e-1536x1024.jpg 1536w, https:\/\/omcd.goodone.digital\/wp-content\/uploads\/2025\/07\/06db5d559155282a0f6d283992fa8c7c0817b79e.jpg 2000w\" data-src=\"https:\/\/omcd.goodone.digital\/wp-content\/uploads\/2025\/07\/06db5d559155282a0f6d283992fa8c7c0817b79e-1920x1280.jpg\" \/>    <\/a>\n        <a href=\"https:\/\/omcd.goodone.digital\/pl\/project\/cp-offices\/\" class=\"portfolio__item\">\n\n      <div class=\"portfolio__item-text\">\n        <div class=\"portfolio__header\">\n          <h2 class=\"p-title\">C&amp;P offices<\/h2>\n        <\/div>\n        <span class=\"button button--outline has-bg-light has-min-width\">Zobacz projekt<\/span>\n      <\/div>\n\n\n      <img decoding=\"async\" src=\"data:image\/png;base64,iVBORw0KGgoAAAANSUhEUgAAAAEAAAABCAQAAAC1HAwCAAAAC0lEQVR42mP8Xw8AAoMBgDTD2qgAAAAASUVORK5CYII=\" class=\"attachment-medium size-medium landscape wp-post-image\" alt=\"\" srcset=\"https:\/\/omcd.goodone.digital\/wp-content\/uploads\/2025\/09\/476280824_9227738980639919_4409625252711313708_n-1280x853.jpg 1280w, https:\/\/omcd.goodone.digital\/wp-content\/uploads\/2025\/09\/476280824_9227738980639919_4409625252711313708_n-1920x1280.jpg 1920w, https:\/\/omcd.goodone.digital\/wp-content\/uploads\/2025\/09\/476280824_9227738980639919_4409625252711313708_n-768x512.jpg 768w, https:\/\/omcd.goodone.digital\/wp-content\/uploads\/2025\/09\/476280824_9227738980639919_4409625252711313708_n-1536x1024.jpg 1536w, https:\/\/omcd.goodone.digital\/wp-content\/uploads\/2025\/09\/476280824_9227738980639919_4409625252711313708_n.jpg 2000w\" sizes=\"(max-width: 1280px) 100vw, 1280px\" data-srcset=\"https:\/\/omcd.goodone.digital\/wp-content\/uploads\/2025\/09\/476280824_9227738980639919_4409625252711313708_n-1280x853.jpg 1280w, https:\/\/omcd.goodone.digital\/wp-content\/uploads\/2025\/09\/476280824_9227738980639919_4409625252711313708_n-1920x1280.jpg 1920w, https:\/\/omcd.goodone.digital\/wp-content\/uploads\/2025\/09\/476280824_9227738980639919_4409625252711313708_n-768x512.jpg 768w, https:\/\/omcd.goodone.digital\/wp-content\/uploads\/2025\/09\/476280824_9227738980639919_4409625252711313708_n-1536x1024.jpg 1536w, https:\/\/omcd.goodone.digital\/wp-content\/uploads\/2025\/09\/476280824_9227738980639919_4409625252711313708_n.jpg 2000w\" data-src=\"https:\/\/omcd.goodone.digital\/wp-content\/uploads\/2025\/09\/476280824_9227738980639919_4409625252711313708_n-1280x853.jpg\" \/>    <\/a>\n        <a href=\"https:\/\/omcd.goodone.digital\/pl\/project\/esdentia-dental-clinics\/\" class=\"portfolio__item\">\n\n      <div class=\"portfolio__item-text\">\n        <div class=\"portfolio__header\">\n          <h2 class=\"p-title\">Esdentia dental clinics<\/h2>\n        <\/div>\n        <span class=\"button button--outline has-bg-light has-min-width\">Zobacz projekt<\/span>\n      <\/div>\n\n\n      <img decoding=\"async\" src=\"data:image\/png;base64,iVBORw0KGgoAAAANSUhEUgAAAAEAAAABCAQAAAC1HAwCAAAAC0lEQVR42mP8Xw8AAoMBgDTD2qgAAAAASUVORK5CYII=\" class=\"attachment-medium size-medium portrait wp-post-image\" alt=\"\" srcset=\"https:\/\/omcd.goodone.digital\/wp-content\/uploads\/2025\/09\/Esdentia-1-853x1280.jpg 853w, https:\/\/omcd.goodone.digital\/wp-content\/uploads\/2025\/09\/Esdentia-1-1280x1920.jpg 1280w, https:\/\/omcd.goodone.digital\/wp-content\/uploads\/2025\/09\/Esdentia-1-768x1152.jpg 768w, https:\/\/omcd.goodone.digital\/wp-content\/uploads\/2025\/09\/Esdentia-1-1024x1536.jpg 1024w, https:\/\/omcd.goodone.digital\/wp-content\/uploads\/2025\/09\/Esdentia-1-1365x2048.jpg 1365w, https:\/\/omcd.goodone.digital\/wp-content\/uploads\/2025\/09\/Esdentia-1-scaled.jpg 1707w\" sizes=\"(max-width: 853px) 100vw, 853px\" data-srcset=\"https:\/\/omcd.goodone.digital\/wp-content\/uploads\/2025\/09\/Esdentia-1-853x1280.jpg 853w, https:\/\/omcd.goodone.digital\/wp-content\/uploads\/2025\/09\/Esdentia-1-1280x1920.jpg 1280w, https:\/\/omcd.goodone.digital\/wp-content\/uploads\/2025\/09\/Esdentia-1-768x1152.jpg 768w, https:\/\/omcd.goodone.digital\/wp-content\/uploads\/2025\/09\/Esdentia-1-1024x1536.jpg 1024w, https:\/\/omcd.goodone.digital\/wp-content\/uploads\/2025\/09\/Esdentia-1-1365x2048.jpg 1365w, https:\/\/omcd.goodone.digital\/wp-content\/uploads\/2025\/09\/Esdentia-1-scaled.jpg 1707w\" data-src=\"https:\/\/omcd.goodone.digital\/wp-content\/uploads\/2025\/09\/Esdentia-1-853x1280.jpg\" \/>    <\/a>\n    \n  <\/div>\n\n  <div class=\"portfolio__action\">\n    <a href=\"https:\/\/omcd.goodone.digital\/pl\/project\/\" class=\"button button--outline has-min-width\">\n      Odkryj wi\u0119cej projekt\u00f3w    <\/a>\n  <\/div>\n\n\n\n<\/section>\n\n\n\n<div class=\"wp-block-group is-style-mobile-center is-layout-constrained wp-block-group-is-layout-constrained\"><div class=\"wp-block-group__inner-container\">\n<div class=\"wp-block-columns is-layout-flex wp-container-core-columns-is-layout-9d6595d7 wp-block-columns-is-layout-flex\">\n<div class=\"wp-block-column is-layout-flow wp-block-column-is-layout-flow\">\n<h2 class=\"wp-block-heading has-regular-font-size\"><em>Co<\/em> robimy?<\/h2>\n\n\n\n<div class=\"wp-block-buttons is-layout-flex wp-block-buttons-is-layout-flex\">\n<div class=\"wp-block-button is-style-outline mobile-hidden is-style-outline--2\"><a class=\"wp-block-button__link wp-element-button\">Discover more<\/a><\/div>\n<\/div>\n<\/div>\n\n\n\n<div class=\"wp-block-column is-layout-flow wp-block-column-is-layout-flow\">\n<ul class=\"wp-block-list is-style-tags\">\n<li>Architecture<\/li>\n\n\n\n<li>Interior design<\/li>\n\n\n\n<li>Outdoor design<\/li>\n\n\n\n<li>Supervision<\/li>\n<\/ul>\n\n\n\n<p>Our range of services encompasses every stage of the architectural process. From initial consultations and conceptual designs to detailed planning and project management, we ensure a seamless journey towards creating your ideal space.<\/p>\n<\/div>\n<\/div>\n<\/div><\/div>\n\n\n<div class=\"child-pages child-pages--custom\">\n\n    <ul class=\"child-pages__grid is-4\">\n\n        <li class=\"child-pages__grid-item\">\n      <a class=\"child-pages__grid-item-wrapper\" href=\"https:\/\/omcd.goodone.digital\/services\/architecture\/\"\n        title=\"Architecture\">\n        <img decoding=\"async\" src=\"data:image\/png;base64,iVBORw0KGgoAAAANSUhEUgAAAAEAAAABCAQAAAC1HAwCAAAAC0lEQVR42mP8Xw8AAoMBgDTD2qgAAAAASUVORK5CYII=\" class=\"attachment-medium size-medium portrait wp-post-image\" alt=\"\" srcset=\"https:\/\/omcd.goodone.digital\/wp-content\/uploads\/2025\/08\/arch-683x1024.jpeg 683w, https:\/\/omcd.goodone.digital\/wp-content\/uploads\/2025\/08\/arch-1280x1920.jpeg 1280w, https:\/\/omcd.goodone.digital\/wp-content\/uploads\/2025\/08\/arch-768x1152.jpeg 768w, https:\/\/omcd.goodone.digital\/wp-content\/uploads\/2025\/08\/arch-1024x1536.jpeg 1024w, https:\/\/omcd.goodone.digital\/wp-content\/uploads\/2025\/08\/arch-1366x2048.jpeg 1366w, https:\/\/omcd.goodone.digital\/wp-content\/uploads\/2025\/08\/arch-scaled.jpeg 1707w\" sizes=\"(max-width: 683px) 100vw, 683px\" data-srcset=\"https:\/\/omcd.goodone.digital\/wp-content\/uploads\/2025\/08\/arch-683x1024.jpeg 683w, https:\/\/omcd.goodone.digital\/wp-content\/uploads\/2025\/08\/arch-1280x1920.jpeg 1280w, https:\/\/omcd.goodone.digital\/wp-content\/uploads\/2025\/08\/arch-768x1152.jpeg 768w, https:\/\/omcd.goodone.digital\/wp-content\/uploads\/2025\/08\/arch-1024x1536.jpeg 1024w, https:\/\/omcd.goodone.digital\/wp-content\/uploads\/2025\/08\/arch-1366x2048.jpeg 1366w, https:\/\/omcd.goodone.digital\/wp-content\/uploads\/2025\/08\/arch-scaled.jpeg 1707w\" data-src=\"https:\/\/omcd.goodone.digital\/wp-content\/uploads\/2025\/08\/arch-683x1024.jpeg\" \/>        <span class=\"child-pages__item-content\">\n          <h2 class=\"child-pages__title\">\n            Architecture\n\n          <\/h2>\n          <div class=\"child-pages__excerpt is-excerpt\">\n            <p>Our architectural concept service begins with an exploration of your project site after gathering initial data.<\/p>\n          <\/div>\n          <ul class=\"wp-block-list is-style-tags is-small\"><li>Architectural Project<\/li><li> 3D Visualisations<\/li><li> Architectural Layout<\/li><\/ul>\n          <span class=\"link\">Czytaj wi\u0119cej +<\/span>\n\n        <\/span>\n\n      <\/a>\n    <\/li>\n        <li class=\"child-pages__grid-item\">\n      <a class=\"child-pages__grid-item-wrapper\" href=\"https:\/\/omcd.goodone.digital\/services\/interior-design\/\"\n        title=\"Interior design\">\n        <img decoding=\"async\" src=\"data:image\/png;base64,iVBORw0KGgoAAAANSUhEUgAAAAEAAAABCAQAAAC1HAwCAAAAC0lEQVR42mP8Xw8AAoMBgDTD2qgAAAAASUVORK5CYII=\" class=\"attachment-medium size-medium portrait wp-post-image\" alt=\"\" srcset=\"https:\/\/omcd.goodone.digital\/wp-content\/uploads\/2025\/08\/68c9078d4ecaf395b20064472864bd55210e85cf-Large-682x1024.jpeg 682w, https:\/\/omcd.goodone.digital\/wp-content\/uploads\/2025\/08\/68c9078d4ecaf395b20064472864bd55210e85cf-Large-768x1152.jpeg 768w, https:\/\/omcd.goodone.digital\/wp-content\/uploads\/2025\/08\/68c9078d4ecaf395b20064472864bd55210e85cf-Large.jpeg 853w\" sizes=\"(max-width: 682px) 100vw, 682px\" data-srcset=\"https:\/\/omcd.goodone.digital\/wp-content\/uploads\/2025\/08\/68c9078d4ecaf395b20064472864bd55210e85cf-Large-682x1024.jpeg 682w, https:\/\/omcd.goodone.digital\/wp-content\/uploads\/2025\/08\/68c9078d4ecaf395b20064472864bd55210e85cf-Large-768x1152.jpeg 768w, https:\/\/omcd.goodone.digital\/wp-content\/uploads\/2025\/08\/68c9078d4ecaf395b20064472864bd55210e85cf-Large.jpeg 853w\" data-src=\"https:\/\/omcd.goodone.digital\/wp-content\/uploads\/2025\/08\/68c9078d4ecaf395b20064472864bd55210e85cf-Large-682x1024.jpeg\" \/>        <span class=\"child-pages__item-content\">\n          <h2 class=\"child-pages__title\">\n            Interior design\n\n          <\/h2>\n          <div class=\"child-pages__excerpt is-excerpt\">\n            <p>From concept development to detailed execution, we ensure every element is thoughtfully considered to enhance the overall ambiance of your interiors.<\/p>\n          <\/div>\n          <ul class=\"wp-block-list is-style-tags is-small\"><li>Interior Project<\/li><li> 3D Visualisations<\/li><li> Interior Layout<\/li><li> Specification Project<\/li><\/ul>\n          <span class=\"link\">Czytaj wi\u0119cej +<\/span>\n\n        <\/span>\n\n      <\/a>\n    <\/li>\n        <li class=\"child-pages__grid-item\">\n      <a class=\"child-pages__grid-item-wrapper\" href=\"https:\/\/omcd.goodone.digital\/services\/outdoor\/\"\n        title=\"Outdoor\">\n        <img decoding=\"async\" src=\"data:image\/png;base64,iVBORw0KGgoAAAANSUhEUgAAAAEAAAABCAQAAAC1HAwCAAAAC0lEQVR42mP8Xw8AAoMBgDTD2qgAAAAASUVORK5CYII=\" class=\"attachment-medium size-medium portrait wp-post-image\" alt=\"\" srcset=\"https:\/\/omcd.goodone.digital\/wp-content\/uploads\/2025\/08\/out-Large-682x1024.jpeg 682w, https:\/\/omcd.goodone.digital\/wp-content\/uploads\/2025\/08\/out-Large-768x1152.jpeg 768w, https:\/\/omcd.goodone.digital\/wp-content\/uploads\/2025\/08\/out-Large.jpeg 853w\" sizes=\"(max-width: 682px) 100vw, 682px\" data-srcset=\"https:\/\/omcd.goodone.digital\/wp-content\/uploads\/2025\/08\/out-Large-682x1024.jpeg 682w, https:\/\/omcd.goodone.digital\/wp-content\/uploads\/2025\/08\/out-Large-768x1152.jpeg 768w, https:\/\/omcd.goodone.digital\/wp-content\/uploads\/2025\/08\/out-Large.jpeg 853w\" data-src=\"https:\/\/omcd.goodone.digital\/wp-content\/uploads\/2025\/08\/out-Large-682x1024.jpeg\" \/>        <span class=\"child-pages__item-content\">\n          <h2 class=\"child-pages__title\">\n            Outdoor\n\n          <\/h2>\n          <div class=\"child-pages__excerpt is-excerpt\">\n            <p>Whether it&#8217;s a residential garden, commercial outdoor area, or public space, we provide creative solutions that enhance the usability and aesthetic appeal of outdoor areas.<\/p>\n          <\/div>\n          <ul class=\"wp-block-list is-style-tags is-small\"><li>Landscape Project<\/li><li> 3D Visualisations<\/li><li> Landscape Layout<\/li><\/ul>\n          <span class=\"link\">Czytaj wi\u0119cej +<\/span>\n\n        <\/span>\n\n      <\/a>\n    <\/li>\n        <li class=\"child-pages__grid-item\">\n      <a class=\"child-pages__grid-item-wrapper\" href=\"https:\/\/omcd.goodone.digital\/services\/supervision\/\"\n        title=\"Supervision\">\n        <img decoding=\"async\" src=\"data:image\/png;base64,iVBORw0KGgoAAAANSUhEUgAAAAEAAAABCAQAAAC1HAwCAAAAC0lEQVR42mP8Xw8AAoMBgDTD2qgAAAAASUVORK5CYII=\" class=\"attachment-medium size-medium portrait wp-post-image\" alt=\"\" srcset=\"https:\/\/omcd.goodone.digital\/wp-content\/uploads\/2025\/08\/serv-683x1024.jpeg 683w, https:\/\/omcd.goodone.digital\/wp-content\/uploads\/2025\/08\/serv-1280x1920.jpeg 1280w, https:\/\/omcd.goodone.digital\/wp-content\/uploads\/2025\/08\/serv-768x1152.jpeg 768w, https:\/\/omcd.goodone.digital\/wp-content\/uploads\/2025\/08\/serv-1024x1536.jpeg 1024w, https:\/\/omcd.goodone.digital\/wp-content\/uploads\/2025\/08\/serv-1366x2048.jpeg 1366w, https:\/\/omcd.goodone.digital\/wp-content\/uploads\/2025\/08\/serv-scaled.jpeg 1707w\" sizes=\"(max-width: 683px) 100vw, 683px\" data-srcset=\"https:\/\/omcd.goodone.digital\/wp-content\/uploads\/2025\/08\/serv-683x1024.jpeg 683w, https:\/\/omcd.goodone.digital\/wp-content\/uploads\/2025\/08\/serv-1280x1920.jpeg 1280w, https:\/\/omcd.goodone.digital\/wp-content\/uploads\/2025\/08\/serv-768x1152.jpeg 768w, https:\/\/omcd.goodone.digital\/wp-content\/uploads\/2025\/08\/serv-1024x1536.jpeg 1024w, https:\/\/omcd.goodone.digital\/wp-content\/uploads\/2025\/08\/serv-1366x2048.jpeg 1366w, https:\/\/omcd.goodone.digital\/wp-content\/uploads\/2025\/08\/serv-scaled.jpeg 1707w\" data-src=\"https:\/\/omcd.goodone.digital\/wp-content\/uploads\/2025\/08\/serv-683x1024.jpeg\" \/>        <span class=\"child-pages__item-content\">\n          <h2 class=\"child-pages__title\">\n            Supervision\n\n          <\/h2>\n          <div class=\"child-pages__excerpt is-excerpt\">\n            <p>We provide diligent oversight throughout the entire building process, from initial site preparation to final inspections.<\/p>\n          <\/div>\n          <ul class=\"wp-block-list is-style-tags is-small\"><li>Project Oversight<\/li><li> Inspections<\/li><\/ul>\n          <span class=\"link\">Czytaj wi\u0119cej +<\/span>\n\n        <\/span>\n\n      <\/a>\n    <\/li>\n      <\/ul>\n\n\n  \n<\/div>","protected":false},"excerpt":{"rendered":"<p>(Selected works 2017-2024) Wybrane projekty Co robimy? Our range of services encompasses every stage of the architectural process. From initial consultations and conceptual designs to detailed planning and project management, we ensure a seamless journey towards creating your ideal space.<\/p>\n","protected":false},"author":1,"featured_media":0,"parent":0,"menu_order":0,"comment_status":"closed","ping_status":"closed","template":"","meta":{"_acf_changed":false,"footnotes":""},"class_list":["post-66","page","type-page","status-publish","hentry"],"acf":[],"_links":{"self":[{"href":"https:\/\/omcd.goodone.digital\/pl\/wp-json\/wp\/v2\/pages\/66","targetHints":{"allow":["GET"]}}],"collection":[{"href":"https:\/\/omcd.goodone.digital\/pl\/wp-json\/wp\/v2\/pages"}],"about":[{"href":"https:\/\/omcd.goodone.digital\/pl\/wp-json\/wp\/v2\/types\/page"}],"author":[{"embeddable":true,"href":"https:\/\/omcd.goodone.digital\/pl\/wp-json\/wp\/v2\/users\/1"}],"replies":[{"embeddable":true,"href":"https:\/\/omcd.goodone.digital\/pl\/wp-json\/wp\/v2\/comments?post=66"}],"version-history":[{"count":5,"href":"https:\/\/omcd.goodone.digital\/pl\/wp-json\/wp\/v2\/pages\/66\/revisions"}],"predecessor-version":[{"id":388,"href":"https:\/\/omcd.goodone.digital\/pl\/wp-json\/wp\/v2\/pages\/66\/revisions\/388"}],"wp:attachment":[{"href":"https:\/\/omcd.goodone.digital\/pl\/wp-json\/wp\/v2\/media?parent=66"}],"curies":[{"name":"wp","href":"https:\/\/api.w.org\/{rel}","templated":true}]}}